{"id":2,"date":"2010-12-03T19:11:56","date_gmt":"2010-12-03T18:11:56","guid":{"rendered":"http:\/\/holmsundskoter.com\/?page_id=2"},"modified":"2010-12-04T19:00:37","modified_gmt":"2010-12-04T18:00:37","slug":"om","status":"publish","type":"page","link":"http:\/\/holmsundskoter.com\/?page_id=2","title":{"rendered":"Om HSF"},"content":{"rendered":"<p><em>HISTORIA<\/em><\/p>\n<h6><em><span style=\"color: #808080;\">Bildades 1995 p\u00e5 initiativ av Jon Nilsson, Erik Lindstr\u00f6m, Tommy Urpiala, Kristina Seeman, Daniel Sj\u00f6str\u00f6m och Peter Vincent.<\/span><\/em><\/h6>\n<h6><em><span style=\"color: #808080;\">Tidigare tillh\u00f6rde Holmsund, Ume\u00e5 S\u00f6dras skoterklubb.<\/span><\/em><\/h6>\n<h6><em><span style=\"color: #808080;\">Men vi k\u00e4nde oss lite utanf\u00f6r, pga m\u00f6jligheten att underh\u00e5lla v\u00e5ra leder var relativt liten d\u00e5 Ume\u00e4lven var alltf\u00f6r os\u00e4ker f\u00f6r att korsas under f\u00f6rvintern. (Ledskotrar och sladdar \u00e4r ganska tunga&#8230;..)<\/span><\/em><\/h6>\n<h6><em><span style=\"color: #808080;\">Vi tog tag i problemet och startade klubben, v\u00e4rvade medlemmar och fixade upp lederna!!<\/span><\/em><\/h6>\n<h6><em><span style=\"color: #808080;\">Efter ett \u00e5r kunde vi k\u00f6pa v\u00e5r f\u00f6rsta &#8221;ledskoter&#8221;..en bastant dubbelbandare av m\u00e4rket Ski-Doo Alpin! Priset var 4000:-, men denna &#8221;trotj\u00e4nare&#8221; gick oss dock p\u00e5 nerverna redan efter 2 s\u00e4songer. Den var alltf\u00f6r klumpig o sv\u00e5rhanterlig. V\u00e5r ekonomi s\u00e5g bra ut. Ett erbjudande fr\u00e5n Lynx att k\u00f6pa en b\u00e4ttre begagnad Lynx 650 -94 till mkt bra pris gjorde inte valet s\u00e5 sv\u00e5rt. Den har 60 cm bandbredd. Rotax 503 motor och syncro l\u00e5da. Vilken dr\u00f6m !!!! :o) M\u00e4stermekanikern Jon Nilsson byggde v\u00e5ra f\u00f6rsta sladdar.<\/span><\/em><\/h6>\n<p><strong>NUTID<\/strong><br \/>\nIdag \u00e4r dom flesta som driver klubben utbytt, men n\u00e5gra eldsj\u00e4lar finns fortfarande med fr\u00e5n grunden.<\/p>\n<p>Under \u00e5ren har det gjorts modifieringar av maskinparken s\u00e5 i dagsl\u00e4get har vi en v\u00e4l fungerande och modern utrustning. S\u00e5 nu har vi goda m\u00f6jligheter att h\u00e5lla en h\u00f6g standard p\u00e5 v\u00e5ra leder s\u00e5 l\u00e4nge det finns sn\u00f6 att preparera.<\/p>\n<p>Eftersom tillg\u00e5ngen av sn\u00f6 \u00e4r mindre n\u00e4rmast kusten d\u00e4r vi bor \u00e4n i \u00f6vriga l\u00e4net s\u00e5 st\u00e4lls stora krav p\u00e5 underarbetet av lederna. Varje \u00e5r arbetar vi d\u00e4rf\u00f6r \u00e4ven under sommaren och h\u00f6sten med att bl.a. b\u00e4ra ut bark, r\u00f6ja sly &amp; byta ut slitet materiel. Vi g\u00e5r \u00e4ven in d\u00e4r det finns behov och plockar bort skrymmande stenar och stubbar med hj\u00e4lp av gr\u00e4vmaskiner.<\/p>\n<p>Arbetet f\u00f6r styrelsen fortg\u00e5r hela \u00e5ret runt med bl.a. samarbetet med \u00f6vriga skoterklubbar i l\u00e4net &#8211; Skoteralliansen &#8211; d\u00e4r vi bl.a. tillsammans jobbar f\u00f6r en f\u00f6rb\u00e4ttrad trafiks\u00e4kerhet, utbyggt ledsystem och en st\u00f6rre f\u00f6rst\u00e5else och tyngd i v\u00e5ra krav i skoterfr\u00e5gorna mot kommun och l\u00e4nsstyrelse.<\/p>\n<p>Sedan v\u00e5ren 2003 \u00e4r vi lyckliga \u00e4gare av Ombergsstugan som b\u00e5de fungerar som klubbstuga och dessutom hyrs ut till div. \u00e4ndam\u00e5l. D\u00e4r kr\u00e4vs naturligtvis ocks\u00e5 arbete med underh\u00e5ll och fasta kostnader f\u00f6r drift. En led finns upp till stugan, vilket inneb\u00e4r ett mycket mer frekvent \u00f6ppeth\u00e5llande med bl.a. servering och \u00e4ven mycket positiva effekter f\u00f6r s\u00e5v\u00e4l v\u00e5ra medlemmar s\u00e5som alla \u00f6vriga fritidsut\u00f6vare och ungdomar i omr\u00e5det.<\/p>\n<p>Allt detta kr\u00e4ver naturligtvis stort engagemang av medlemmarna, men ocks\u00e5 att vi har int\u00e4kter s\u00e5som medlemsavgifter, sponsorer m.m. Dessa int\u00e4kter \u00e4r livsviktiga f\u00f6r drift och underh\u00e5ll av stugan, maskinparken och v\u00e5ra leder.<\/p>\n<p>Antalet medlemmar ligger nu p\u00e5 ca 240 st. (med alla familjemedlemmar) men vi hoppas naturligtvis att den siffran \u00f6kar i takt med att skoterfolket f\u00f6rst\u00e5r vikten och v\u00e4rdet av att vara medlem i en stark skoterf\u00f6rening !<\/p>\n<p>Fotnot. Holmsund ligger 15 kilometer \u00f6ster om Ume\u00e5. Alldeles vid havet.<\/p>\n","protected":false},"excerpt":{"rendered":"<p>HISTORIA Bildades 1995 p\u00e5 initiativ av Jon Nilsson, Erik Lindstr\u00f6m, Tommy Urpiala, Kristina Seeman, Daniel Sj\u00f6str\u00f6m och Peter Vincent. Tidigare tillh\u00f6rde Holmsund, Ume\u00e5 S\u00f6dras skoterklubb. Men vi k\u00e4nde oss lite utanf\u00f6r, pga m\u00f6jligheten att underh\u00e5lla v\u00e5ra leder var relativt liten d\u00e5 Ume\u00e4lven var alltf\u00f6r os\u00e4ker f\u00f6r att korsas under f\u00f6rvintern. (Ledskotrar och sladdar \u00e4r ganska &hellip; <\/p>\n<p class=\"link-more\"><a href=\"http:\/\/holmsundskoter.com\/?page_id=2\" class=\"more-link\">Forts\u00e4tt l\u00e4sa<span class=\"screen-reader-text\"> \u201dOm HSF\u201d<\/span><\/a><\/p>\n","protected":false},"author":1,"featured_media":0,"parent":0,"menu_order":1,"comment_status":"open","ping_status":"closed","template":"","meta":{"ngg_post_thumbnail":0,"footnotes":""},"class_list":["post-2","page","type-page","status-publish","hentry"],"aioseo_notices":[],"_links":{"self":[{"href":"http:\/\/holmsundskoter.com\/index.php?rest_route=\/wp\/v2\/pages\/2","targetHints":{"allow":["GET"]}}],"collection":[{"href":"http:\/\/holmsundskoter.com\/index.php?rest_route=\/wp\/v2\/pages"}],"about":[{"href":"http:\/\/holmsundskoter.com\/index.php?rest_route=\/wp\/v2\/types\/page"}],"author":[{"embeddable":true,"href":"http:\/\/holmsundskoter.com\/index.php?rest_route=\/wp\/v2\/users\/1"}],"replies":[{"embeddable":true,"href":"http:\/\/holmsundskoter.com\/index.php?rest_route=%2Fwp%2Fv2%2Fcomments&post=2"}],"version-history":[{"count":6,"href":"http:\/\/holmsundskoter.com\/index.php?rest_route=\/wp\/v2\/pages\/2\/revisions"}],"predecessor-version":[{"id":74,"href":"http:\/\/holmsundskoter.com\/index.php?rest_route=\/wp\/v2\/pages\/2\/revisions\/74"}],"wp:attachment":[{"href":"http:\/\/holmsundskoter.com\/index.php?rest_route=%2Fwp%2Fv2%2Fmedia&parent=2"}],"curies":[{"name":"wp","href":"https:\/\/api.w.org\/{rel}","templated":true}]}}