{"id":24,"date":"2014-01-08T10:00:09","date_gmt":"2014-01-08T09:00:09","guid":{"rendered":"http:\/\/holmsundskoter.com\/?page_id=24"},"modified":"2023-02-08T20:05:06","modified_gmt":"2023-02-08T19:05:06","slug":"ombergs-stugan","status":"publish","type":"page","link":"http:\/\/holmsundskoter.com\/?page_id=24","title":{"rendered":"Ombergs Stugan"},"content":{"rendered":"<h3>Holmsunds Skoterf\u00f6rening\u00b4s Klubbstuga<a href=\"http:\/\/holmsundskoter.com\/wp-content\/uploads\/2010\/12\/Ombergs-Stugan1.jpg\" rel=\"lightbox[24]\"><img loading=\"lazy\" decoding=\"async\" class=\"alignleft size-full wp-image-25\" title=\"Ombergs Stugan\" src=\"http:\/\/holmsundskoter.com\/wp-content\/uploads\/2010\/12\/Ombergs-Stugan1.jpg\" alt=\"\" width=\"750\" height=\"324\" srcset=\"http:\/\/holmsundskoter.com\/wp-content\/uploads\/2010\/12\/Ombergs-Stugan1.jpg 750w, http:\/\/holmsundskoter.com\/wp-content\/uploads\/2010\/12\/Ombergs-Stugan1-300x129.jpg 300w\" sizes=\"auto, (max-width: 706px) 89vw, (max-width: 767px) 82vw, 740px\" \/><\/a><\/h3>\n<h4 style=\"text-align: center;\"><strong>Stugv\u00e4rd &#8211; Info\/Bokning<br \/>\nKristina Seeman &#8211; 070-691 28 18<\/strong><\/h4>\n<p style=\"text-align: center;\">UTHYRNING &#8211; HYR STUGAN F\u00d6R<\/p>\n<p style=\"text-align: center;\">BARNKALASET, BR\u00d6LLOPET, DOPET, KONFERENSEN, FIRMAFESTEN m.m.<\/p>\n<p style=\"text-align: center;\">M\u00e5n-Tors 08.00-24.00 <strong>1000,-<br \/>\n<\/strong>Fredag 12.00 &#8211; L\u00f6rdag 12.00<strong>\u00a03000,-<br \/>\n<\/strong>L\u00f6rdag 12.00 &#8211; S\u00f6ndag 12.00 <strong>3000,-<br \/>\n<\/strong>Fredag 12.00 &#8211; S\u00f6ndag 12.00 <strong>3700,-<br \/>\n<\/strong>S\u00f6ndag 12.00 &#8211; S\u00f6ndag 24.00 <strong>1000,-<\/strong><\/p>\n<p style=\"text-align: center;\">25 \u00e5rs \u00e5ldersgr\u00e4ns vid uthyrning g\u00e4ller.<\/p>\n","protected":false},"excerpt":{"rendered":"<p>Holmsunds Skoterf\u00f6rening\u00b4s Klubbstuga Stugv\u00e4rd &#8211; Info\/Bokning Kristina Seeman &#8211; 070-691 28 18 UTHYRNING &#8211; HYR STUGAN F\u00d6R BARNKALASET, BR\u00d6LLOPET, DOPET, KONFERENSEN, FIRMAFESTEN m.m. M\u00e5n-Tors 08.00-24.00 1000,- Fredag 12.00 &#8211; L\u00f6rdag 12.00\u00a03000,- L\u00f6rdag 12.00 &#8211; S\u00f6ndag 12.00 3000,- Fredag 12.00 &#8211; S\u00f6ndag 12.00 3700,- S\u00f6ndag 12.00 &#8211; S\u00f6ndag 24.00 1000,- 25 \u00e5rs \u00e5ldersgr\u00e4ns vid uthyrning g\u00e4ller.<\/p>\n","protected":false},"author":1,"featured_media":0,"parent":0,"menu_order":4,"comment_status":"closed","ping_status":"closed","template":"","meta":{"ngg_post_thumbnail":0,"footnotes":""},"class_list":["post-24","page","type-page","status-publish","hentry"],"aioseo_notices":[],"_links":{"self":[{"href":"http:\/\/holmsundskoter.com\/index.php?rest_route=\/wp\/v2\/pages\/24","targetHints":{"allow":["GET"]}}],"collection":[{"href":"http:\/\/holmsundskoter.com\/index.php?rest_route=\/wp\/v2\/pages"}],"about":[{"href":"http:\/\/holmsundskoter.com\/index.php?rest_route=\/wp\/v2\/types\/page"}],"author":[{"embeddable":true,"href":"http:\/\/holmsundskoter.com\/index.php?rest_route=\/wp\/v2\/users\/1"}],"replies":[{"embeddable":true,"href":"http:\/\/holmsundskoter.com\/index.php?rest_route=%2Fwp%2Fv2%2Fcomments&post=24"}],"version-history":[{"count":26,"href":"http:\/\/holmsundskoter.com\/index.php?rest_route=\/wp\/v2\/pages\/24\/revisions"}],"predecessor-version":[{"id":1009,"href":"http:\/\/holmsundskoter.com\/index.php?rest_route=\/wp\/v2\/pages\/24\/revisions\/1009"}],"wp:attachment":[{"href":"http:\/\/holmsundskoter.com\/index.php?rest_route=%2Fwp%2Fv2%2Fmedia&parent=24"}],"curies":[{"name":"wp","href":"https:\/\/api.w.org\/{rel}","templated":true}]}}