{"id":44,"date":"2010-12-15T20:56:51","date_gmt":"2010-12-15T19:56:51","guid":{"rendered":"http:\/\/holmsundskoter.com\/?page_id=44"},"modified":"2010-12-15T21:06:23","modified_gmt":"2010-12-15T20:06:23","slug":"ledkarta","status":"publish","type":"page","link":"http:\/\/holmsundskoter.com\/?page_id=44","title":{"rendered":"Skoterleder"},"content":{"rendered":"<p><a href=\"http:\/\/holmsundskoter.com\/wp-content\/uploads\/2010\/12\/Ledkarta.gif\" rel=\"lightbox[44]\"><img loading=\"lazy\" decoding=\"async\" class=\"alignleft size-medium wp-image-45\" title=\"Ledkarta\" src=\"http:\/\/holmsundskoter.com\/wp-content\/uploads\/2010\/12\/Ledkarta-182x300.gif\" alt=\"\" width=\"182\" height=\"300\" srcset=\"http:\/\/holmsundskoter.com\/wp-content\/uploads\/2010\/12\/Ledkarta-182x300.gif 182w, http:\/\/holmsundskoter.com\/wp-content\/uploads\/2010\/12\/Ledkarta.gif 567w\" sizes=\"auto, (max-width: 182px) 100vw, 182px\" \/><\/a><\/p>\n<p>Nya ledkartor finns att ladda ner h\u00e4r: <a title=\"Ledkartor\" href=\"http:\/\/www.holmsund.info\/kartor.htm\" target=\"_blank\">Skoterleder i Holmsund<\/a><\/p>\n<p>Ett stort tack till Lennart Karlsson !<\/p>\n<p>Holmsunds Skoterf\u00f6rening ansvarar inte f\u00f6r lederna p\u00e5 v\u00e5ra sj\u00f6ar! Det \u00e4r upp till var och en att f\u00f6rvissa sig om att isen \u00e4r s\u00e4ker &#8211; Isdubbar skall alltid finnas l\u00e4tt tillg\u00e4ngliga vid f\u00e4rd p\u00e5 isen.<\/p>\n","protected":false},"excerpt":{"rendered":"<p>Nya ledkartor finns att ladda ner h\u00e4r: Skoterleder i Holmsund Ett stort tack till Lennart Karlsson ! Holmsunds Skoterf\u00f6rening ansvarar inte f\u00f6r lederna p\u00e5 v\u00e5ra sj\u00f6ar! Det \u00e4r upp till var och en att f\u00f6rvissa sig om att isen \u00e4r s\u00e4ker &#8211; Isdubbar skall alltid finnas l\u00e4tt tillg\u00e4ngliga vid f\u00e4rd p\u00e5 isen.<\/p>\n","protected":false},"author":1,"featured_media":0,"parent":0,"menu_order":3,"comment_status":"open","ping_status":"open","template":"","meta":{"ngg_post_thumbnail":0,"footnotes":""},"class_list":["post-44","page","type-page","status-publish","hentry"],"aioseo_notices":[],"_links":{"self":[{"href":"http:\/\/holmsundskoter.com\/index.php?rest_route=\/wp\/v2\/pages\/44","targetHints":{"allow":["GET"]}}],"collection":[{"href":"http:\/\/holmsundskoter.com\/index.php?rest_route=\/wp\/v2\/pages"}],"about":[{"href":"http:\/\/holmsundskoter.com\/index.php?rest_route=\/wp\/v2\/types\/page"}],"author":[{"embeddable":true,"href":"http:\/\/holmsundskoter.com\/index.php?rest_route=\/wp\/v2\/users\/1"}],"replies":[{"embeddable":true,"href":"http:\/\/holmsundskoter.com\/index.php?rest_route=%2Fwp%2Fv2%2Fcomments&post=44"}],"version-history":[{"count":5,"href":"http:\/\/holmsundskoter.com\/index.php?rest_route=\/wp\/v2\/pages\/44\/revisions"}],"predecessor-version":[{"id":47,"href":"http:\/\/holmsundskoter.com\/index.php?rest_route=\/wp\/v2\/pages\/44\/revisions\/47"}],"wp:attachment":[{"href":"http:\/\/holmsundskoter.com\/index.php?rest_route=%2Fwp%2Fv2%2Fmedia&parent=44"}],"curies":[{"name":"wp","href":"https:\/\/api.w.org\/{rel}","templated":true}]}}